{"id":551,"date":"2020-08-01T21:31:38","date_gmt":"2020-08-01T21:31:38","guid":{"rendered":"http:\/\/rvtradio.com\/?page_id=551"},"modified":"2024-01-22T14:38:24","modified_gmt":"2024-01-22T14:38:24","slug":"codigo-deontologico-2","status":"publish","type":"page","link":"https:\/\/rvtradio.com\/?page_id=551","title":{"rendered":"C\u00f3digo de \u00c9tica"},"content":{"rendered":"\t\t<div data-elementor-type=\"wp-page\" data-elementor-id=\"551\" class=\"elementor elementor-551\" data-elementor-settings=\"[]\">\n\t\t\t\t\t\t<div class=\"elementor-inner\">\n\t\t\t\t\t\t\t<div class=\"elementor-section-wrap\">\n\t\t\t\t\t\t\t<section class=\"elementor-section elementor-top-section elementor-element elementor-element-5131a13e elementor-section-boxed elementor-section-height-default elementor-section-height-default\" data-id=\"5131a13e\" data-element_type=\"section\" data-settings=\"{&quot;background_background&quot;:&quot;classic&quot;}\">\n\t\t\t\t\t\t\t<div class=\"elementor-background-overlay\"><\/div>\n\t\t\t\t\t\t\t<div class=\"elementor-container elementor-column-gap-default\">\n\t\t\t\t\t\t\t<div class=\"elementor-row\">\n\t\t\t\t\t<div class=\"elementor-column elementor-col-100 elementor-top-column elementor-element elementor-element-1053ca7a\" data-id=\"1053ca7a\" data-element_type=\"column\">\n\t\t\t<div class=\"elementor-column-wrap elementor-element-populated\">\n\t\t\t\t\t\t\t<div class=\"elementor-widget-wrap\">\n\t\t\t\t\t\t<div class=\"elementor-element elementor-element-3d99e122 elementor-widget elementor-widget-heading\" data-id=\"3d99e122\" data-element_type=\"widget\" data-widget_type=\"heading.default\">\n\t\t\t\t<div class=\"elementor-widget-container\">\n\t\t\t<h1 class=\"elementor-heading-title elementor-size-default\">C\u00f3digo de \u00c9tica<\/h1>\t\t<\/div>\n\t\t\t\t<\/div>\n\t\t\t\t\t\t<\/div>\n\t\t\t\t\t<\/div>\n\t\t<\/div>\n\t\t\t\t\t\t\t\t<\/div>\n\t\t\t\t\t<\/div>\n\t\t<\/section>\n\t\t\t\t<section class=\"elementor-section elementor-top-section elementor-element elementor-element-40177ae0 elementor-section-boxed elementor-section-height-default elementor-section-height-default\" data-id=\"40177ae0\" data-element_type=\"section\">\n\t\t\t\t\t\t<div class=\"elementor-container elementor-column-gap-no\">\n\t\t\t\t\t\t\t<div class=\"elementor-row\">\n\t\t\t\t\t<div class=\"elementor-column elementor-col-100 elementor-top-column elementor-element elementor-element-48096891\" data-id=\"48096891\" data-element_type=\"column\">\n\t\t\t<div class=\"elementor-column-wrap elementor-element-populated\">\n\t\t\t\t\t\t\t<div class=\"elementor-widget-wrap\">\n\t\t\t\t\t\t<div class=\"elementor-element elementor-element-4c6724d elementor-widget elementor-widget-heading\" data-id=\"4c6724d\" data-element_type=\"widget\" data-widget_type=\"heading.default\">\n\t\t\t\t<div class=\"elementor-widget-container\">\n\t\t\t<h2 class=\"elementor-heading-title elementor-size-default\">C\u00d3DIGO DE \u00c9TICA DE RADIO RVT SATELITAL 91.5 FM<\/h2>\t\t<\/div>\n\t\t\t\t<\/div>\n\t\t\t\t<div class=\"elementor-element elementor-element-97d5522 elementor-widget elementor-widget-text-editor\" data-id=\"97d5522\" data-element_type=\"widget\" data-widget_type=\"text-editor.default\">\n\t\t\t\t<div class=\"elementor-widget-container\">\n\t\t\t\t\t\t\t\t<div class=\"elementor-text-editor elementor-clearfix\">\n\t\t\t\t\t<p>RADIO RVT SATELITAL 91.5 FM, es un medio de comunicaci\u00f3n social que asegura el ejercicio de los derechos a la comunicaci\u00f3n, la informaci\u00f3n y la libertad de expresi\u00f3n y fortalece la participaci\u00f3n ciudadana, con absoluta responsabilidad \u00e9tica, asumiendo que la informaci\u00f3n y la comunicaci\u00f3n revisten una gran importancia para el desarrollo de la personalidad de los ciudadanos, as\u00ed como para la evoluci\u00f3n de la sociedad y la vida democr\u00e1tica.<\/p><p>Teniendo en consideraci\u00f3n, que el Ecuador es un Estado constitucional de derechos y justicia, con principios y normas de la Convenci\u00f3n Interamericana sobre Derechos Humanos, donde se reconocen los derechos a la comunicaci\u00f3n, libertad de expresi\u00f3n, informaci\u00f3n y acceso en igualdad de condiciones al espectro radioel\u00e9ctrico y las tecnolog\u00edas de informaci\u00f3n y comunicaci\u00f3n, RADIO RVT SATELITAL 91.5 FM en cumplimiento a lo dispuesto por la Ley Org\u00e1nica Reformatoria de la Ley Org\u00e1nica de Comunicaci\u00f3n, publicada en el Segundo Suplemento del Registro Oficial 188, del 14 de noviembre de 2022 y su Reglamento General, expide el presente C\u00f3digo de \u00c9tica, basado en los siguiente principios:<\/p><p><strong>DE LA TRANSMISI\u00d3N DE INFORMACI\u00d3N PRECISA Y VERAZ:<\/strong><\/p><ol><li><span style=\"font-size: 16px;\">Se respetar\u00e1 los presupuestos constitucionales de verificaci\u00f3n, oportunidad, contextualizaci\u00f3n y contrastaci\u00f3n en la difusi\u00f3n de informaci\u00f3n de relevancia p\u00fablica o inter\u00e9s general;\u00a0<\/span><\/li><li>Se informar\u00e1 s\u00f3lo sobre hechos de los cuales se conozcan su origen, se fundamentar\u00e1 la informaci\u00f3n contrastando fuentes, sin omitir informaciones esenciales ni sus antecedentes.<\/li><li><span style=\"font-size: 16px; letter-spacing: 0px;\">Abstenerse de difundir rumores o \u201cpublirreportajes\u201d como si fuese material informativo;<\/span><\/li><li><span style=\"font-size: 16px; letter-spacing: 0px;\">Cuidar que los titulares sean coherentes y consistentes con el contenido de las noticias;<\/span><\/li><li><span style=\"font-size: 16px; letter-spacing: 0px;\">Distinguir y evitar toda confusi\u00f3n, entre noticias y opiniones. Las noticias son informaciones de hechos y datos, y las opiniones expresan pensamientos, ideas, creencias o juicios de valor por parte de los medios de comunicaci\u00f3n, editores o periodistas.\u00a0<\/span><\/li><li><span style=\"font-size: 16px; letter-spacing: 0px;\">Distinguir claramente entre el material informativo, el material editorial y el material comercial o publicitario;\u00a0<\/span><\/li><li><span style=\"font-size: 16px; letter-spacing: 0px;\">Evitar difundir, de forma positiva o valorativa, las conductas irresponsables con el medio ambiente;\u00a0<\/span><\/li><li><span style=\"font-size: 16px; letter-spacing: 0px;\">Se evitar\u00e1 los adjetivos \u201cconfiables\u201d o \u201cfidedignas\u201d para calificar a las fuentes, ya que de lo contrario no deber\u00edan ser tales.<\/span><\/li><\/ol><p><b>DE LA DEFINICI\u00d3N DE LA L\u00cdNEA EDITORIAL:<\/b><\/p><ol><li>Defender siempre el principio de la libertad de investigar y de difundir con honestidad la informaci\u00f3n y la libertad del comentario y la cr\u00edtica, ateni\u00e9ndose de omitir y tergiversar intencionalmente elementos de la informaci\u00f3n u opiniones difundidas;<\/li><li><span style=\"font-size: 16px; letter-spacing: 0px;\">Impedir la censura en cualquiera de sus formas, independientemente de quien pretenda realizarla;<\/span><\/li><li><span style=\"font-size: 16px; letter-spacing: 0px;\">Abstenerse de usar la condici\u00f3n de periodista o comunicador social para obtener beneficios personales;<\/span><\/li><li><span style=\"font-size: 16px; letter-spacing: 0px;\">No utilizar en provecho propio informaci\u00f3n privilegiada, obtenida en forma confidencial en el ejercicio de su funci\u00f3n informativa; y,<\/span><\/li><li><span style=\"font-size: 16px; letter-spacing: 0px;\">Respetar y hacer respetar los derechos de autor que se derivan de toda actividad creativa, as\u00ed como tambi\u00e9n respetar\u00e1 las normas de citas.<\/span><\/li><li><span style=\"font-size: 16px; letter-spacing: 0px;\">Se respetar\u00e1 la presunci\u00f3n de inocencia principalmente en los temas que permanecen \u201csub judice\u201d, excluyendo establecer juicios paralelos;<\/span><\/li><li><span style=\"font-size: 16px; letter-spacing: 0px;\">Asumir la responsabilidad de la informaci\u00f3n y opiniones que se difundan;<\/span><\/li><li><span style=\"font-size: 16px; letter-spacing: 0px;\">Respetar la libertad de expresi\u00f3n, la libertad del comentario y la cr\u00edtica<\/span><\/li><li><span style=\"font-size: 16px; letter-spacing: 0px;\">Evitar un tratamiento morboso a la informaci\u00f3n sobre cr\u00edmenes, accidentes, cat\u00e1strofes u otros eventos similares;<\/span><\/li><li><span style=\"font-size: 16px; letter-spacing: 0px;\">Se cumplir\u00e1 con lo determinado en la Ley Org\u00e1nica de Comunicaci\u00f3n en relaci\u00f3n a los tipos de programas y a las franjas horarias establecidas.<\/span><\/li><\/ol><p><b style=\"font-style: inherit; letter-spacing: 0px;\">DE LA RESERVA Y CONFIDENCIALIDAD DE LAS FUENTES:<\/b><\/p><ol><li>El secreto profesional es un derecho del periodista, a la vez que un deber que garantiza la confidencialidad de las fuentes de informaci\u00f3n, Por tanto RADIO RVT SATELITAL 91.5 FM garantizar\u00e1 al periodista, el derecho de sus fuentes informativas a permanecer en el anonimato, si as\u00ed ha sido solicitado. No obstante, tal deber profesional podr\u00e1 ceder excepcionalmente en el supuesto de que conste fehacientemente que la fuente ha falseado de manera consciente la informaci\u00f3n o cuando el revelar la fuente sea el \u00fanico medio para evitar un da\u00f1o grave e inminente a las personas.<\/li><\/ol><p><b>DE LA RESPONSABILIDAD SOCIAL, DE VALORES DEMOCR\u00c1TICOS Y DERECHOS HUMANOS:<\/b><\/p><ol><li>Se respetar\u00e1 la honra, y la reputaci\u00f3n de las personas, el derecho a su propia vida \u00edntima. Las personas que tienen funciones en la vida p\u00fablica tienen el derecho a la protecci\u00f3n de su vida privada, salvo en los casos en que ello pueda tener incidencias sobre la vida p\u00fablica;<\/li><li><span style=\"font-size: 16px; letter-spacing: 0px;\">Se promover\u00e1 el respeto a los derechos de los m\u00e1s d\u00e9biles y los discriminados. Por ello, se mantendr\u00e1 una especial sensibilidad en los casos de informaciones u opiniones de contenidos eventualmente discriminatorios o susceptibles de incitar a la violencia o a pr\u00e1cticas inhumanas o degradantes;<\/span><\/li><li><span style=\"font-size: 16px; letter-spacing: 0px;\">Se evitar\u00e1 nombrar en sus informaciones a los familiares y amigos de personas acusadas o condenadas por un delito, salvo que su menci\u00f3n resulte necesaria para que la informaci\u00f3n sea completa y equitativa, respetando as\u00ed la intimidad personal y familiar;<\/span><\/li><li><span style=\"font-size: 16px; letter-spacing: 0px;\">Sin perjuicio de proteger el derecho de los ciudadanos a estar informados, se respetar\u00e1 el derecho de las personas a su propia intimidad e imagen.<\/span><\/li><\/ol><p><b>DEL DERECHO DE R\u00c9PLICA Y RECTIFICACI\u00d3N DE INFORMACI\u00d3N:<\/b><\/p><ol><li>Abstenerse de realizar pr\u00e1cticas de linchamiento medi\u00e1tico, entendiendo por tales, la difusi\u00f3n de informaci\u00f3n concertada y reiterativa, de manera directa o por terceros, destinada a desprestigiar a una persona natural o jur\u00eddica o reducir su credibilidad p\u00fablica.<\/li><li><span style=\"font-size: 16px; letter-spacing: 0px;\">No se difundir\u00e1 material falso, enga\u00f1oso o deformado. Si as\u00ed lo hiciesen por error, se rectificar\u00e1 la informaci\u00f3n con el mismo destaque empleado para su difusi\u00f3n y se pedir\u00e1 disculpas por la equivocaci\u00f3n.<\/span><\/li><li>Se rectificar\u00e1 por el medio de comunicaci\u00f3n, con el tratamiento informativo adecuado, de manera autom\u00e1tica y r\u00e1pida, las informaciones y las opiniones que sean falsas o err\u00f3neas debidamente comprobadas.<\/li><li>Se receptar\u00e1 todas las solicitudes de r\u00e9plica, siendo atendidas todas aquellas que tengan un sustento ver\u00eddico.<\/li><\/ol><p><b>DE LA PROTECCI\u00d3N DE NI\u00d1OS, NI\u00d1AS, ADOLESCENTES Y GRUPOS VULNERABLES:<\/b><\/p><ol><li>Se evitar\u00e1 la difusi\u00f3n de programas y mensajes tendientes a que los ni\u00f1os, ni\u00f1as y adolescentes imiten comportamientos perjudiciales o peligrosos para su salud.<\/li><li>Evitar tambi\u00e9n realizar programas o hacer comentarios relativos a la exaltaci\u00f3n de la violencia, el sexo y el consumo y el empleo de un lenguaje deliberadamente inadecuado.<\/li><li>No aludir\u00e1, de modo despectivo o con prejuicios a la raza, color, religi\u00f3n, origen social o sexo de una persona o a cualquier enfermedad o minusval\u00eda f\u00edsica o mental, es decir se abstendr\u00e1 de usar y difundir mensajes o menciones identificativas que atenten contra la dignidad o los derechos de las personas con graves patolog\u00edas o discapacidades<\/li><li>Se evitar\u00e1 la representaci\u00f3n positiva o valorativa de escenas donde se haga burla de discapacidades f\u00edsicas o ps\u00edquicas de las personas;<\/li><li>Se abstendr\u00e1 de emitir mensajes o menciones identificativas de ni\u00f1os, ni\u00f1as y adolescentes como autores, testigos o v\u00edctimas de actos il\u00edcitos; salvo el caso que, en aplicaci\u00f3n del inter\u00e9s superior del ni\u00f1o, sea dispuesto por autoridad competente;<\/li><li>Se proteger\u00e1 el derecho a la imagen y privacidad de adolescentes en conflicto con la ley penal, en concordancia con las disposiciones del C\u00f3digo de la Ni\u00f1ez y Adolescencia; y,<\/li><li>Se abstendr\u00e1 de emitir contenidos que atenten contra la dignidad de los adultos mayores, o proyecten una visi\u00f3n negativa del envejecimiento.<\/li><\/ol><p>Conforme lo establecido en el Reglamento General a la Ley Reformatoria a la Ley Org\u00e1nica de Comunicaci\u00f3n, el presente C\u00f3digo de \u00c9tica se publicar\u00e1 en el portal web <a href=\"https:\/\/wwwrvtradio.com\">https:\/\/wwwrvtradio.com<\/a> con un enlace de acceso permanente; as\u00ed como tambi\u00e9n se habilitar\u00e1 un buz\u00f3n ciudadano para que la ciudadan\u00eda exprese sus observaciones, quejas y recomendaciones.<\/p><p>\u00a0<\/p><p>\u00a0<\/p><p>Quevedo, noviembre de 2023<\/p>\t\t\t\t\t<\/div>\n\t\t\t\t\t\t<\/div>\n\t\t\t\t<\/div>\n\t\t\t\t<div class=\"elementor-element elementor-element-dde7518 elementor-widget elementor-widget-heading\" data-id=\"dde7518\" data-element_type=\"widget\" data-widget_type=\"heading.default\">\n\t\t\t\t<div class=\"elementor-widget-container\">\n\t\t\t<h1 class=\"elementor-heading-title elementor-size-large\">CPA. Indira Escobar Ter\u00e1n<\/h1>\t\t<\/div>\n\t\t\t\t<\/div>\n\t\t\t\t<div class=\"elementor-element elementor-element-4eb77be elementor-widget elementor-widget-heading\" data-id=\"4eb77be\" data-element_type=\"widget\" data-widget_type=\"heading.default\">\n\t\t\t\t<div class=\"elementor-widget-container\">\n\t\t\t<h4 class=\"elementor-heading-title elementor-size-small\"><b>Gerente general<\/b><br>Radio RVT Satelital 91.5 FM<\/h4>\t\t<\/div>\n\t\t\t\t<\/div>\n\t\t\t\t\t\t<\/div>\n\t\t\t\t\t<\/div>\n\t\t<\/div>\n\t\t\t\t\t\t\t\t<\/div>\n\t\t\t\t\t<\/div>\n\t\t<\/section>\n\t\t\t\t\t\t<\/div>\n\t\t\t\t\t\t<\/div>\n\t\t\t\t\t<\/div>\n\t\t","protected":false},"excerpt":{"rendered":"<p>C\u00f3digo de \u00c9tica C\u00d3DIGO DE \u00c9TICA DE RADIO RVT SATELITAL 91.5 FM RADIO RVT SATELITAL 91.5 FM, es un medio de comunicaci\u00f3n social que asegura el ejercicio de los derechos a la comunicaci\u00f3n, la informaci\u00f3n y la libertad de expresi\u00f3n y fortalece la participaci\u00f3n ciudadana, con absoluta responsabilidad \u00e9tica, asumiendo que la informaci\u00f3n y la &hellip;<\/p>\n<p class=\"read-more\"> <a class=\"\" href=\"https:\/\/rvtradio.com\/?page_id=551\"> <span class=\"screen-reader-text\">C\u00f3digo de \u00c9tica<\/span> Leer m\u00e1s &raquo;<\/a><\/p>\n","protected":false},"author":3,"featured_media":0,"parent":0,"menu_order":0,"comment_status":"closed","ping_status":"closed","template":"","meta":{"_monsterinsights_skip_tracking":false,"_monsterinsights_sitenote_active":false,"_monsterinsights_sitenote_note":"","_monsterinsights_sitenote_category":0,"footnotes":""},"_links":{"self":[{"href":"https:\/\/rvtradio.com\/index.php?rest_route=\/wp\/v2\/pages\/551"}],"collection":[{"href":"https:\/\/rvtradio.com\/index.php?rest_route=\/wp\/v2\/pages"}],"about":[{"href":"https:\/\/rvtradio.com\/index.php?rest_route=\/wp\/v2\/types\/page"}],"author":[{"embeddable":true,"href":"https:\/\/rvtradio.com\/index.php?rest_route=\/wp\/v2\/users\/3"}],"replies":[{"embeddable":true,"href":"https:\/\/rvtradio.com\/index.php?rest_route=%2Fwp%2Fv2%2Fcomments&post=551"}],"version-history":[{"count":10,"href":"https:\/\/rvtradio.com\/index.php?rest_route=\/wp\/v2\/pages\/551\/revisions"}],"predecessor-version":[{"id":4614,"href":"https:\/\/rvtradio.com\/index.php?rest_route=\/wp\/v2\/pages\/551\/revisions\/4614"}],"wp:attachment":[{"href":"https:\/\/rvtradio.com\/index.php?rest_route=%2Fwp%2Fv2%2Fmedia&parent=551"}],"curies":[{"name":"wp","href":"https:\/\/api.w.org\/{rel}","templated":true}]}}