{"id":782,"date":"2020-08-16T05:01:22","date_gmt":"2020-08-16T05:01:22","guid":{"rendered":"http:\/\/rvtradio.com\/?page_id=782"},"modified":"2021-05-22T22:06:53","modified_gmt":"2021-05-22T22:06:53","slug":"conoce-al-fundador","status":"publish","type":"page","link":"https:\/\/rvtradio.com\/?page_id=782","title":{"rendered":"Conoce al Fundador"},"content":{"rendered":"\t\t<div data-elementor-type=\"wp-page\" data-elementor-id=\"782\" class=\"elementor elementor-782\" data-elementor-settings=\"[]\">\n\t\t\t\t\t\t<div class=\"elementor-inner\">\n\t\t\t\t\t\t\t<div class=\"elementor-section-wrap\">\n\t\t\t\t\t\t\t<section class=\"elementor-section elementor-top-section elementor-element elementor-element-5131a13e elementor-section-boxed elementor-section-height-default elementor-section-height-default\" data-id=\"5131a13e\" data-element_type=\"section\" data-settings=\"{&quot;background_background&quot;:&quot;classic&quot;}\">\n\t\t\t\t\t\t\t<div class=\"elementor-background-overlay\"><\/div>\n\t\t\t\t\t\t\t<div class=\"elementor-container elementor-column-gap-default\">\n\t\t\t\t\t\t\t<div class=\"elementor-row\">\n\t\t\t\t\t<div class=\"elementor-column elementor-col-100 elementor-top-column elementor-element elementor-element-1053ca7a\" data-id=\"1053ca7a\" data-element_type=\"column\">\n\t\t\t<div class=\"elementor-column-wrap elementor-element-populated\">\n\t\t\t\t\t\t\t<div class=\"elementor-widget-wrap\">\n\t\t\t\t\t\t<div class=\"elementor-element elementor-element-3d99e122 elementor-widget elementor-widget-heading\" data-id=\"3d99e122\" data-element_type=\"widget\" data-widget_type=\"heading.default\">\n\t\t\t\t<div class=\"elementor-widget-container\">\n\t\t\t<h1 class=\"elementor-heading-title elementor-size-default\">Conoce al Fundador<\/h1>\t\t<\/div>\n\t\t\t\t<\/div>\n\t\t\t\t\t\t<\/div>\n\t\t\t\t\t<\/div>\n\t\t<\/div>\n\t\t\t\t\t\t\t\t<\/div>\n\t\t\t\t\t<\/div>\n\t\t<\/section>\n\t\t\t\t<section class=\"elementor-section elementor-top-section elementor-element elementor-element-40177ae0 elementor-section-boxed elementor-section-height-default elementor-section-height-default\" data-id=\"40177ae0\" data-element_type=\"section\">\n\t\t\t\t\t\t<div class=\"elementor-container elementor-column-gap-no\">\n\t\t\t\t\t\t\t<div class=\"elementor-row\">\n\t\t\t\t\t<div class=\"elementor-column elementor-col-100 elementor-top-column elementor-element elementor-element-48096891\" data-id=\"48096891\" data-element_type=\"column\">\n\t\t\t<div class=\"elementor-column-wrap elementor-element-populated\">\n\t\t\t\t\t\t\t<div class=\"elementor-widget-wrap\">\n\t\t\t\t\t\t<div class=\"elementor-element elementor-element-8d53cf2 elementor-widget elementor-widget-image\" data-id=\"8d53cf2\" data-element_type=\"widget\" data-widget_type=\"image.default\">\n\t\t\t\t<div class=\"elementor-widget-container\">\n\t\t\t\t\t\t\t\t<div class=\"elementor-image\">\n\t\t\t\t\t\t\t\t\t\t\t\t<img loading=\"lazy\" decoding=\"async\" width=\"300\" height=\"263\" src=\"https:\/\/rvtradio.com\/wp-content\/uploads\/2020\/08\/Papi-Rosendo-fondo-rascacielos-nueva-camisa-300x263.jpg\" class=\"attachment-medium size-medium\" alt=\"\" srcset=\"https:\/\/rvtradio.com\/wp-content\/uploads\/2020\/08\/Papi-Rosendo-fondo-rascacielos-nueva-camisa-300x263.jpg 300w, https:\/\/rvtradio.com\/wp-content\/uploads\/2020\/08\/Papi-Rosendo-fondo-rascacielos-nueva-camisa-1024x899.jpg 1024w, https:\/\/rvtradio.com\/wp-content\/uploads\/2020\/08\/Papi-Rosendo-fondo-rascacielos-nueva-camisa-768x674.jpg 768w, https:\/\/rvtradio.com\/wp-content\/uploads\/2020\/08\/Papi-Rosendo-fondo-rascacielos-nueva-camisa-1536x1349.jpg 1536w, https:\/\/rvtradio.com\/wp-content\/uploads\/2020\/08\/Papi-Rosendo-fondo-rascacielos-nueva-camisa-2048x1798.jpg 2048w, https:\/\/rvtradio.com\/wp-content\/uploads\/2020\/08\/Papi-Rosendo-fondo-rascacielos-nueva-camisa-24x21.jpg 24w, https:\/\/rvtradio.com\/wp-content\/uploads\/2020\/08\/Papi-Rosendo-fondo-rascacielos-nueva-camisa-36x32.jpg 36w, https:\/\/rvtradio.com\/wp-content\/uploads\/2020\/08\/Papi-Rosendo-fondo-rascacielos-nueva-camisa-48x42.jpg 48w\" sizes=\"(max-width: 300px) 100vw, 300px\" \/>\t\t\t\t\t\t\t\t\t\t\t\t\t\t<\/div>\n\t\t\t\t\t\t<\/div>\n\t\t\t\t<\/div>\n\t\t\t\t<div class=\"elementor-element elementor-element-4c6724d elementor-widget elementor-widget-heading\" data-id=\"4c6724d\" data-element_type=\"widget\" data-widget_type=\"heading.default\">\n\t\t\t\t<div class=\"elementor-widget-container\">\n\t\t\t<h2 class=\"elementor-heading-title elementor-size-default\">ROSENDO VIDAL ESCOBAR C\u00c1RDENAS\n<\/h2>\t\t<\/div>\n\t\t\t\t<\/div>\n\t\t\t\t<div class=\"elementor-element elementor-element-805ac5e elementor-widget elementor-widget-heading\" data-id=\"805ac5e\" data-element_type=\"widget\" data-widget_type=\"heading.default\">\n\t\t\t\t<div class=\"elementor-widget-container\">\n\t\t\t<h3 class=\"elementor-heading-title elementor-size-medium\">(1940-2020)<\/h3>\t\t<\/div>\n\t\t\t\t<\/div>\n\t\t\t\t<div class=\"elementor-element elementor-element-e56ab06 elementor-widget elementor-widget-text-editor\" data-id=\"e56ab06\" data-element_type=\"widget\" data-widget_type=\"text-editor.default\">\n\t\t\t\t<div class=\"elementor-widget-container\">\n\t\t\t\t\t\t\t\t<div class=\"elementor-text-editor elementor-clearfix\">\n\t\t\t\t\t<p>Rosendo Vidal Escobar C\u00e1rdenas, naci\u00f3 en la ciudad de Ambato el 2 de septiembre de 1940. Sus padres fueron El\u00edas Escobar C\u00f3rdova y Rosa C\u00e1rdenas Valencia. Form\u00f3 su hogar con Norma Ter\u00e1n Montero y sus hijos Susan, Charles, Harold, Indira, Abd\u00f3n y Adelaida Escobar Ter\u00e1n. Como t\u00e9cnico electr\u00f3nico incursion\u00f3 en Radio Paz y Bien en Ambato y en Diario El Heraldo (1965) siendo sus primeros pasos para su futuro en la radiodifusi\u00f3n. Posteriormente obtiene su licencia como radioaficionado y participa como miembro de la C\u00e1mara de Comercio y C\u00e1mara de Industrias de Ambato. En 1973 se traslada a Quevedo y contin\u00fao con la elaboraci\u00f3n de equipos de amplificaci\u00f3n que fueron adquiridos a nivel nacional, mantenimiento de rocolas y equipos de emisoras en varias ciudades del pa\u00eds, incluso en las Islas Gal\u00e1pagos.<\/p><p>Don Rosendo ten\u00eda un amor innato al trabajo y al emprendimiento. Por eso, adem\u00e1s de fabricar equipos, form\u00f3 el Conjunto Musical Los Teles\u00f3nicos en 1975, con quienes recorrieron varias ciudades y hasta sus \u00faltimos d\u00edas inculc\u00f3 el amor a la m\u00fasica en sus nietos, qui\u00e9nes orgullosos llevan sus genes musicales. En 1976 ingresa al N\u00facleo de Periodistas de Quevedo. Ya con la experiencia en el funcionamiento y mantenimiento de radios, en 1979 adquiere Radio La Voz del Tr\u00f3pico, teniendo la seguridad de tomar la mejor decisi\u00f3n ya que implic\u00f3 invertir todo lo que ten\u00eda y endeudarse para lograrlo. Posteriormente construy\u00f3 transmisores y antenas para emisoras del pa\u00eds, teniendo el orgullo como inventor nato de construir su propio transmisor para Radio La Voz del Tr\u00f3pico 1200 AM. Tambi\u00e9n incursion\u00f3 en el periodismo escrito publicando varios n\u00fameros del Semanario Primicias de Los R\u00edos (1997) como un homenaje a Eugenio de Santa Cruz y Espejo, a quien admir\u00f3 profundamente.<\/p><p>A partir de febrero de 2001 obtuvo la concesi\u00f3n de la frecuencia 91.5 FM, conocida como Radio RVT Satelital, con cobertura en las provincias de Los R\u00edos y parte del Guayas, Manab\u00ed, El Oro y Cotopaxi. En 2005 le aprobaron la se\u00f1al matriz en Santa Elena a trav\u00e9s de 91.7 FM. Al igual que en sus actividades anteriores, siempre estuvo dispuesto a servir a su comunidad y recib\u00eda con satisfacci\u00f3n en su oficina a clientes, oyentes, invitados y visitantes, sin importar la hora o el tiempo destinado, poniendo a disposici\u00f3n la radio porque la radio era del pueblo.<br \/>Fue un l\u00edder en la radiodifusi\u00f3n de la provincia de Los R\u00edos y a nivel nacional. Presidente de la Asociaci\u00f3n Ecuatoriana de la Radiodifusi\u00f3n (AER) N\u00facleo Los R\u00edos en 1992, 2006, 2010, 2015 y 2018-2020; Segundo Vicepresidente Nacional en 2015 y miembro activo de la Asamblea Nacional de la AER desde 1992.<\/p><p>Fue Primera Antig\u00fcedad Sargento de Reserva (1961) y miembro de la Fuerza de Resistencia CENEPA #26 (1990). Perteneci\u00f3 al Quevedo Radio Club Aficionados, Defensa Civil de Quevedo, Cruz Roja, Benem\u00e9rito Cuerpo de Bomberos de Quevedo, Asociaci\u00f3n de Scouts del Ecuador, Casa de la Cultura Ecuatoriana N\u00facleo Quevedo y C\u00e1mara de Comercio de Quevedo. Uno de sus lugares favoritos fueron las riberas del R\u00edo Quevedo, proponiendo que \u00e9ste lugar sea rescatado a trav\u00e9s del turismo, cultura y deportes, visionando lo que ser\u00eda conocido posteriormente como la Ruta del R\u00edo.<\/p><p>As\u00ed fue Don Rosendo. Un hombre multifac\u00e9tico que desde joven desarroll\u00f3 habilidades y destrezas cognitivas, sociales y f\u00edsicas. Que cre\u00eda en el emprendimiento, en el esfuerzo y sacrificio para lograr los objetivos. Lo hizo, se arriesg\u00f3 y lo logr\u00f3. Qui\u00e9nes lo conocieron saben que fue un amante de la charla amena y con prop\u00f3sitos sociales, un caballero siempre dispuesto a escuchar y proponer ideas en beneficio de la comunidad, que alimentaba su esp\u00edritu a trav\u00e9s de la lectura permanente y que siempre estuvo dispuesto a aprender participando en capacitaciones, seminarios, foros y en toda actividad que le permit\u00eda crecer y compartir sus conocimientos y experiencias.<\/p><p>En 2015, a pocos meses de cumplir 75 a\u00f1os, se gradu\u00f3 de Abogado como un tributo y prueba de que nunca es tarde para seguir aprendiendo, alcanzar nuevas metas y emprender nuevos retos, ya que la edad nunca ser\u00eda un l\u00edmite para un hombre que se mantuvo activo en todos los aspectos de su vida hasta su \u00faltimo suspiro. Impuls\u00f3 y difundi\u00f3 la mediaci\u00f3n como base fundamental para eliminar los conflictos en la comunidad, respaldado en la b\u00fasqueda de la justicia social. Promovi\u00f3 programas radiales con la finalidad de brindar informaci\u00f3n veraz, que aporten a la formaci\u00f3n de los oyentes y sean facilitadores para solucionar problemas comunitarios y acercamiento con autoridades, servidores p\u00fablicos y empresa privada.<\/p><p>Fue abogado mediador, periodista, radiodifusor, comerciante, artesano y dej\u00f3 su huella en cada una de estas \u00e1reas. Durante su vida recibi\u00f3 el cari\u00f1o y aprecio de quienes pudieron compartir con \u00e9l, de manera personal y a trav\u00e9s de las instituciones, siendo acreedor de innumerables reconocimientos y menciones que resaltaron sus cualidades y aporte social, artesanal, period\u00edstico, empresarial, entre otros. Don Rosendo Escobar nos dej\u00f3 su gran legado, su ejemplo de virtudes y valores, una persona inmensamente humana y solidaria, que busc\u00f3 el bien com\u00fan.<\/p>\t\t\t\t\t<\/div>\n\t\t\t\t\t\t<\/div>\n\t\t\t\t<\/div>\n\t\t\t\t\t\t<\/div>\n\t\t\t\t\t<\/div>\n\t\t<\/div>\n\t\t\t\t\t\t\t\t<\/div>\n\t\t\t\t\t<\/div>\n\t\t<\/section>\n\t\t\t\t\t\t<\/div>\n\t\t\t\t\t\t<\/div>\n\t\t\t\t\t<\/div>\n\t\t","protected":false},"excerpt":{"rendered":"<p>Conoce al Fundador ROSENDO VIDAL ESCOBAR C\u00c1RDENAS (1940-2020) Rosendo Vidal Escobar C\u00e1rdenas, naci\u00f3 en la ciudad de Ambato el 2 de septiembre de 1940. Sus padres fueron El\u00edas Escobar C\u00f3rdova y Rosa C\u00e1rdenas Valencia. Form\u00f3 su hogar con Norma Ter\u00e1n Montero y sus hijos Susan, Charles, Harold, Indira, Abd\u00f3n y Adelaida Escobar Ter\u00e1n. Como t\u00e9cnico &hellip;<\/p>\n<p class=\"read-more\"> <a class=\"\" href=\"https:\/\/rvtradio.com\/?page_id=782\"> <span class=\"screen-reader-text\">Conoce al Fundador<\/span> Leer m\u00e1s &raquo;<\/a><\/p>\n","protected":false},"author":3,"featured_media":0,"parent":0,"menu_order":0,"comment_status":"closed","ping_status":"closed","template":"","meta":{"_monsterinsights_skip_tracking":false,"_monsterinsights_sitenote_active":false,"_monsterinsights_sitenote_note":"","_monsterinsights_sitenote_category":0,"footnotes":""},"_links":{"self":[{"href":"https:\/\/rvtradio.com\/index.php?rest_route=\/wp\/v2\/pages\/782"}],"collection":[{"href":"https:\/\/rvtradio.com\/index.php?rest_route=\/wp\/v2\/pages"}],"about":[{"href":"https:\/\/rvtradio.com\/index.php?rest_route=\/wp\/v2\/types\/page"}],"author":[{"embeddable":true,"href":"https:\/\/rvtradio.com\/index.php?rest_route=\/wp\/v2\/users\/3"}],"replies":[{"embeddable":true,"href":"https:\/\/rvtradio.com\/index.php?rest_route=%2Fwp%2Fv2%2Fcomments&post=782"}],"version-history":[{"count":0,"href":"https:\/\/rvtradio.com\/index.php?rest_route=\/wp\/v2\/pages\/782\/revisions"}],"wp:attachment":[{"href":"https:\/\/rvtradio.com\/index.php?rest_route=%2Fwp%2Fv2%2Fmedia&parent=782"}],"curies":[{"name":"wp","href":"https:\/\/api.w.org\/{rel}","templated":true}]}}